{"id":993,"date":"2022-05-02T17:33:52","date_gmt":"2022-05-02T15:33:52","guid":{"rendered":"https:\/\/kirche-altkreiswarburg.de\/wp2\/?page_id=993"},"modified":"2025-01-09T17:02:54","modified_gmt":"2025-01-09T16:02:54","slug":"impressum","status":"publish","type":"page","link":"https:\/\/kirche-altkreiswarburg.de\/wp2\/impressum\/","title":{"rendered":"Impressum"},"content":{"rendered":"\t\t<div data-elementor-type=\"wp-page\" data-elementor-id=\"993\" class=\"elementor elementor-993\" data-elementor-settings=\"{&quot;ha_cmc_init_switcher&quot;:&quot;no&quot;}\" data-elementor-post-type=\"page\">\n\t\t\t\t\t\t<section class=\"elementor-section elementor-top-section elementor-element elementor-element-2482698 elementor-section-boxed elementor-section-height-default elementor-section-height-default\" data-id=\"2482698\" data-element_type=\"section\" data-settings=\"{&quot;background_background&quot;:&quot;classic&quot;,&quot;_ha_eqh_enable&quot;:false}\">\n\t\t\t\t\t\t<div class=\"elementor-container elementor-column-gap-default\">\n\t\t\t\t\t<div class=\"elementor-column elementor-col-100 elementor-top-column elementor-element elementor-element-8997fe9\" data-id=\"8997fe9\" data-element_type=\"column\">\n\t\t\t<div class=\"elementor-widget-wrap elementor-element-populated\">\n\t\t\t\t\t\t<div class=\"elementor-element elementor-element-9b61311 elementor-widget elementor-widget-spacer\" data-id=\"9b61311\" data-element_type=\"widget\" data-widget_type=\"spacer.default\">\n\t\t\t\t<div class=\"elementor-widget-container\">\n\t\t\t\t\t\t\t<div class=\"elementor-spacer\">\n\t\t\t<div class=\"elementor-spacer-inner\"><\/div>\n\t\t<\/div>\n\t\t\t\t\t\t<\/div>\n\t\t\t\t<\/div>\n\t\t\t\t\t<\/div>\n\t\t<\/div>\n\t\t\t\t\t<\/div>\n\t\t<\/section>\n\t\t\t\t<section class=\"elementor-section elementor-top-section elementor-element elementor-element-307487e7 elementor-section-boxed elementor-section-height-default elementor-section-height-default\" data-id=\"307487e7\" data-element_type=\"section\" data-settings=\"{&quot;_ha_eqh_enable&quot;:false}\">\n\t\t\t\t\t\t<div class=\"elementor-container elementor-column-gap-default\">\n\t\t\t\t\t<div class=\"elementor-column elementor-col-100 elementor-top-column elementor-element elementor-element-1fe59fa4\" data-id=\"1fe59fa4\" data-element_type=\"column\">\n\t\t\t<div class=\"elementor-widget-wrap elementor-element-populated\">\n\t\t\t\t\t\t<div class=\"elementor-element elementor-element-64e2f795 elementor-widget elementor-widget-text-editor\" data-id=\"64e2f795\" data-element_type=\"widget\" data-widget_type=\"text-editor.default\">\n\t\t\t\t<div class=\"elementor-widget-container\">\n\t\t\t\t\t\t\t\t\t<h1>Impressum<\/h1>\n<p>Evangelische Kirchengemeinde Altkreis Warburg<br>Sternstra\u00dfe, 21<br>34414 Warburg<\/p>\n<p>Die evangelische Kirchengemeinde Altkreis Warburg ist eine K\u00f6rperschaft des \u00d6ffentlichen Rechts. Sie wird vertreten durch die Vorsitzende des Presbyteriums Pfarrerin Patrizia M\u00fcller.<\/p>\n<p class=\"indent\">Telefon:&nbsp; 05641\/8521<br>E-Mail:&nbsp;&nbsp;&nbsp;&nbsp;&nbsp; pad-kg-warburg@kkpb.de<br>Internet:&nbsp; www.kirche-altkreiswarburg.de<\/p>\n<p>Verantwortlich f\u00fcr redaktionell-journalistische Inhalte gem. \u00a7 55 Abs. 2 RStV:<\/p>\n<p>Reinhard Becker<\/p>\n<h3>Rechtliche Hinweise<\/h3>\n<p>1. Haftungsbeschr\u00e4nkung<\/p>\n<p>Die Inhalte dieser Website werden mit gr\u00f6\u00dftm\u00f6glicher Sorgfalt erstellt. Der Anbieter \u00fcbernimmt jedoch keine Gew\u00e4hr f\u00fcr die Richtigkeit, Vollst\u00e4ndigkeit und Aktualit\u00e4t der bereitgestellten Inhalte. Die Nutzung der Inhalte der Website erfolgt auf eigene Gefahr des Nutzers. Namentlich gekennzeichnete Beitr\u00e4ge geben die Meinung des jeweiligen Autors und nicht immer die Meinung des Anbieters wieder. Mit der reinen Nutzung der Website des Anbieters kommt keinerlei Vertragsverh\u00e4ltnis zwischen dem Nutzer und dem Anbieter zustande.<\/p>\n<p>2. Externe Links<\/p>\n<p>Diese Website enth\u00e4lt Verkn\u00fcpfungen zu Websites Dritter (\u201eexterne Links\u201c). Diese Websites unterliegen der Haftung der jeweiligen Betreiber. Der Anbieter hat bei der erstmaligen Verkn\u00fcpfung der externen Links die fremden Inhalte daraufhin \u00fcberpr\u00fcft, ob etwaige Rechtsverst\u00f6\u00dfe bestehen. Zu dem Zeitpunkt waren keine Rechtsverst\u00f6\u00dfe ersichtlich. Der Anbieter hat keinerlei Einfluss auf die aktuelle und zuk\u00fcnftige Gestaltung und auf die Inhalte der verkn\u00fcpften Seiten. Das Setzen von externen Links bedeutet nicht, dass sich der Anbieter die hinter dem Verweis oder Link liegenden Inhalte zu Eigen macht. Eine st\u00e4ndige Kontrolle der externen Links ist f\u00fcr den Anbieter ohne konkrete Hinweise auf Rechtsverst\u00f6\u00dfe nicht zumutbar. Bei Kenntnis von Rechtsverst\u00f6\u00dfen werden jedoch derartige externe Links unverz\u00fcglich gel\u00f6scht.<\/p>\n<p>3. Urheber- und Leistungsschutzrechte<\/p>\n<p>Die auf dieser Website ver\u00f6ffentlichten Inhalte unterliegen dem deutschen Urheber- und Leistungsschutzrecht. Jede vom deutschen Urheber- und Leistungsschutzrecht nicht zugelassene Verwertung bedarf der vorherigen schriftlichen Zustimmung des Anbieters oder jeweiligen Rechteinhabers. Dies gilt insbesondere f\u00fcr Vervielf\u00e4ltigung, Bearbeitung, \u00dcbersetzung, Einspeicherung, Verarbeitung bzw. Wiedergabe von Inhalten in Datenbanken oder anderen elektronischen Medien und Systemen. Inhalte und Rechte Dritter sind dabei als solche gekennzeichnet. Die unerlaubte Vervielf\u00e4ltigung oder Weitergabe einzelner Inhalte oder kompletter Seiten ist nicht gestattet und strafbar. Lediglich die Herstellung von Kopien und Downloads f\u00fcr den pers\u00f6nlichen, privaten und nicht kommerziellen Gebrauch ist erlaubt.<\/p>\n<p>4. E-Mail-Kommunikation<\/p>\n<p>Die evangelische Kirchengemeinde Altkreis Warburg verwendet zur Zeit keine elektronische Verschl\u00fcsselung und keine elektronischen Signaturen. Wir weisen darauf hin, dass unverschl\u00fcsselte E-Mails \u00fcber das Internet unter Umst\u00e4nden auch von Unbefugten gelesen werden k\u00f6nnen. Vertrauliche Mitteilungen oder Dokumente, die eine \u201ebesondere Schriftform\u201c erfordern und\/oder fristgebunden sind, d\u00fcrfen deshalb nicht per E-Mail \u00fcbermittelt werden. Bitte \u00fcbermitteln Sie diese Dokumente per Post oder Telefax.<\/p>\n<p>Wenn Sie uns eine E-Mail senden, so wird Ihre E-Mail-Adresse nur f\u00fcr die Korrespondenz mit Ihnen verwendet.<\/p>\n<p>5. Datenschutz<\/p>\n<h3><a class=\"internal-link\" title=\"\u00d6ffnet internen Link im aktuellen Fenster\" href=\"https:\/\/kirche-altkreiswarburg.de\/wp2\/datenschutzerklaerung\/\">Ausf\u00fchrliche Datenschutzerkl\u00e4rung<\/a><\/h3>\n<p>Die Verwendung der Kontaktdaten des Impressums zur gewerblichen Werbung ist ausdr\u00fccklich nicht erw\u00fcnscht, es sei denn der Anbieter hatte zuvor seine schriftliche Einwilligung erteilt oder es besteht bereits eine Gesch\u00e4ftsbeziehung. Der Anbieter und alle auf dieser Website genannten Personen widersprechen hiermit jeder kommerziellen Verwendung und Weitergabe ihrer Daten.<\/p>\n<p>6. Besondere Nutzungsbedingungen<\/p>\n<p>Soweit besondere Bedingungen f\u00fcr einzelne Nutzungen dieser Website von den vorgenannten Nummern 1. bis 5. abweichen, wird an entsprechender Stelle ausdr\u00fccklich darauf hingewiesen. In diesem Falle gelten im jeweiligen Einzelfall die besonderen Nutzungsbedingungen.<\/p>\t\t\t\t\t\t\t\t<\/div>\n\t\t\t\t<\/div>\n\t\t\t\t\t<\/div>\n\t\t<\/div>\n\t\t\t\t\t<\/div>\n\t\t<\/section>\n\t\t\t\t<\/div>\n\t\t","protected":false},"excerpt":{"rendered":"<p>Impressum Evangelische Kirchengemeinde Altkreis WarburgSternstra\u00dfe, 2134414 Warburg Die evangelische Kirchengemeinde Altkreis Warburg ist eine K\u00f6rperschaft des \u00d6ffentlichen Rechts. Sie wird vertreten durch die Vorsitzende des Presbyteriums Pfarrerin Patrizia M\u00fcller. Telefon:&nbsp; 05641\/8521E-Mail:&nbsp;&nbsp;&nbsp;&nbsp;&nbsp; pad-kg-warburg@kkpb.deInternet:&nbsp; www.kirche-altkreiswarburg.de Verantwortlich f\u00fcr redaktionell-journalistische Inhalte gem. \u00a7 55 Abs. 2 RStV: Reinhard Becker Rechtliche Hinweise 1. Haftungsbeschr\u00e4nkung Die Inhalte dieser Website werden mit [&hellip;]<\/p>\n","protected":false},"author":2,"featured_media":0,"parent":0,"menu_order":0,"comment_status":"closed","ping_status":"closed","template":"","meta":{"footnotes":""},"class_list":["post-993","page","type-page","status-publish","hentry"],"_links":{"self":[{"href":"https:\/\/kirche-altkreiswarburg.de\/wp2\/wp-json\/wp\/v2\/pages\/993","targetHints":{"allow":["GET"]}}],"collection":[{"href":"https:\/\/kirche-altkreiswarburg.de\/wp2\/wp-json\/wp\/v2\/pages"}],"about":[{"href":"https:\/\/kirche-altkreiswarburg.de\/wp2\/wp-json\/wp\/v2\/types\/page"}],"author":[{"embeddable":true,"href":"https:\/\/kirche-altkreiswarburg.de\/wp2\/wp-json\/wp\/v2\/users\/2"}],"replies":[{"embeddable":true,"href":"https:\/\/kirche-altkreiswarburg.de\/wp2\/wp-json\/wp\/v2\/comments?post=993"}],"version-history":[{"count":16,"href":"https:\/\/kirche-altkreiswarburg.de\/wp2\/wp-json\/wp\/v2\/pages\/993\/revisions"}],"predecessor-version":[{"id":2432,"href":"https:\/\/kirche-altkreiswarburg.de\/wp2\/wp-json\/wp\/v2\/pages\/993\/revisions\/2432"}],"wp:attachment":[{"href":"https:\/\/kirche-altkreiswarburg.de\/wp2\/wp-json\/wp\/v2\/media?parent=993"}],"curies":[{"name":"wp","href":"https:\/\/api.w.org\/{rel}","templated":true}]}}